{"id":226,"date":"2019-01-28T17:22:46","date_gmt":"2019-01-28T13:22:46","guid":{"rendered":"https:\/\/www.3lbsafaris.com\/home\/"},"modified":"2025-11-18T11:12:45","modified_gmt":"2025-11-18T07:12:45","slug":"home","status":"publish","type":"page","link":"https:\/\/lionelpassionguide.com\/fr\/","title":{"rendered":"Chasse au cerf Rusa et \u00e0 Maurice"},"content":{"rendered":"\t\t<div data-elementor-type=\"wp-page\" data-elementor-id=\"226\" class=\"elementor elementor-226\">\n\t\t\t\t\t\t<div class=\"elementor-section elementor-top-section elementor-element elementor-element-dbdf1a6 elementor-section-boxed elementor-section-height-default elementor-section-height-default\" data-id=\"dbdf1a6\" data-element_type=\"section\">\n\t\t\t\t\t\t<div class=\"elementor-container elementor-column-gap-default\">\n\t\t\t\t\t<div class=\"elementor-column elementor-col-50 elementor-top-column elementor-element elementor-element-12424c5\" data-id=\"12424c5\" data-element_type=\"column\">\n\t\t\t<div class=\"elementor-widget-wrap elementor-element-populated\">\n\t\t\t\t\t\t<div class=\"elementor-element elementor-element-f5b2d2f elementor-widget elementor-widget-image\" data-id=\"f5b2d2f\" data-element_type=\"widget\" data-widget_type=\"image.default\">\n\t\t\t\t<div class=\"elementor-widget-container\">\n\t\t\t<style>\/*! elementor - v3.20.0 - 26-03-2024 *\/\n.elementor-widget-image{text-align:center}.elementor-widget-image a{display:inline-block}.elementor-widget-image a img[src$=\".svg\"]{width:48px}.elementor-widget-image img{vertical-align:middle;display:inline-block}<\/style>\t\t\t\t\t\t\t\t\t\t<img fetchpriority=\"high\" decoding=\"async\" width=\"680\" height=\"680\" src=\"https:\/\/lionelpassionguide.com\/wp-content\/uploads\/2022\/01\/lione-passion-guide-maurice.jpg\" class=\"attachment-portfoliothumb size-portfoliothumb wp-image-1030\" alt=\"\" srcset=\"https:\/\/lionelpassionguide.com\/wp-content\/uploads\/2022\/01\/lione-passion-guide-maurice.jpg 680w, https:\/\/lionelpassionguide.com\/wp-content\/uploads\/2022\/01\/lione-passion-guide-maurice-250x250.jpg 250w, https:\/\/lionelpassionguide.com\/wp-content\/uploads\/2022\/01\/lione-passion-guide-maurice-150x150.jpg 150w, https:\/\/lionelpassionguide.com\/wp-content\/uploads\/2022\/01\/lione-passion-guide-maurice-120x120.jpg 120w\" sizes=\"(max-width: 680px) 100vw, 680px\" \/>\t\t\t\t\t\t\t\t\t\t\t\t\t<\/div>\n\t\t\t\t<\/div>\n\t\t\t\t\t<\/div>\n\t\t<\/div>\n\t\t\t\t<div class=\"elementor-column elementor-col-50 elementor-top-column elementor-element elementor-element-df2f6f4\" data-id=\"df2f6f4\" data-element_type=\"column\">\n\t\t\t<div class=\"elementor-widget-wrap elementor-element-populated\">\n\t\t\t\t\t\t<div class=\"elementor-element elementor-element-5cf3e73 elementor-widget elementor-widget-heading\" data-id=\"5cf3e73\" data-element_type=\"widget\" data-widget_type=\"heading.default\">\n\t\t\t\t<div class=\"elementor-widget-container\">\n\t\t\t<style>\/*! elementor - v3.20.0 - 26-03-2024 *\/\n.elementor-heading-title{padding:0;margin:0;line-height:1}.elementor-widget-heading .elementor-heading-title[class*=elementor-size-]>a{color:inherit;font-size:inherit;line-height:inherit}.elementor-widget-heading .elementor-heading-title.elementor-size-small{font-size:15px}.elementor-widget-heading .elementor-heading-title.elementor-size-medium{font-size:19px}.elementor-widget-heading .elementor-heading-title.elementor-size-large{font-size:29px}.elementor-widget-heading .elementor-heading-title.elementor-size-xl{font-size:39px}.elementor-widget-heading .elementor-heading-title.elementor-size-xxl{font-size:59px}<\/style><h2 class=\"elementor-heading-title elementor-size-default\">Qui sommes nous ?<\/h2>\t\t<\/div>\n\t\t\t\t<\/div>\n\t\t\t\t<div class=\"elementor-element elementor-element-10ddaac elementor-widget elementor-widget-text-editor\" data-id=\"10ddaac\" data-element_type=\"widget\" data-widget_type=\"text-editor.default\">\n\t\t\t\t<div class=\"elementor-widget-container\">\n\t\t\t<style>\/*! elementor - v3.20.0 - 26-03-2024 *\/\n.elementor-widget-text-editor.elementor-drop-cap-view-stacked .elementor-drop-cap{background-color:#69727d;color:#fff}.elementor-widget-text-editor.elementor-drop-cap-view-framed .elementor-drop-cap{color:#69727d;border:3px solid;background-color:transparent}.elementor-widget-text-editor:not(.elementor-drop-cap-view-default) .elementor-drop-cap{margin-top:8px}.elementor-widget-text-editor:not(.elementor-drop-cap-view-default) .elementor-drop-cap-letter{width:1em;height:1em}.elementor-widget-text-editor .elementor-drop-cap{float:left;text-align:center;line-height:1;font-size:50px}.elementor-widget-text-editor .elementor-drop-cap-letter{display:inline-block}<\/style>\t\t\t\t<p><span class=\"citation-0\">Nous<\/span><span class=\"citation-0\"> sommes les pionniers et les premiers \u00e0 consacrer notre vie et notre passion \u00e0 la promotion de la chasse dans le pays depuis 2003.<\/span><\/p><p style=\"margin: 24px 0px; white-space: pre-wrap; word-break: break-word;\" data-sourcepos=\"7:1-7:161\"><span class=\"citation-1\">Mon \u00e9pouse, notre fils et moi-m\u00eame sommes des chasseurs, des p\u00eacheurs, des passionn\u00e9s de plein air, des globe-trotteurs et nous faisons tout cela en famille. <\/span><span style=\"font-family: var( --e-global-typography-text-font-family ), Sans-serif;\">Je suis le directeur de \u00ab\u00a0Lionel Passion Guide\u00a0\u00bb, <span class=\"citation-2\">fondateur de la plus ancienne entreprise de chasse sp\u00e9cialis\u00e9e du pays et premier guide sp\u00e9cialis\u00e9 dans le cerf Rusa \u00e0 Maurice.<\/span><\/span><\/p><p style=\"margin: 24px 0px; white-space: pre-wrap; word-break: break-word;\" data-sourcepos=\"7:1-7:161\"><span style=\"color: #1f1f1f; font-family: 'Google Sans', 'Helvetica Neue', sans-serif; font-size: 16px; text-align: start;\"><span class=\"citation-3 citation-end-3\">Je suis \u00e9galement reporter pour 5 magazines et vid\u00e9ographe pour la plus grande cha\u00eene de t\u00e9l\u00e9vision de chasse &lsquo;Seasons&rsquo; en<\/span> France.<\/span><span style=\"font-family: var( --e-global-typography-text-font-family ), Sans-serif; font-weight: var( --e-global-typography-text-font-weight );\">J&rsquo;ai eu la chance de guider plus de 1000 clients de 24 nationalit\u00e9s diff\u00e9rentes.<span class=\"citation-4\">J&rsquo;apprends beaucoup et toujours de mes clients et c&rsquo;est pourquoi j&rsquo;ai d\u00e9cid\u00e9 d&rsquo;\u00eatre un guide professionnel pour des chasseurs passionn\u00e9s.<\/span><\/span><span style=\"font-family: var( --e-global-typography-text-font-family ), Sans-serif;\"><span class=\"citation-2\"><br \/><\/span><\/span><\/p><p data-sourcepos=\"7:1-7:161\"><span class=\"citation-5\">Je suis un chasseur \u00e0 l&rsquo;arc et \u00e0 la carabine, ainsi que ma femme Kathleen, qui m&rsquo;aide \u00e9galement depuis 2006 \u00e0 organiser et \u00e0 accueillir les clients.<\/span><\/p><div><span class=\"citation-6\">La chasse est dans mes veines, comme mon p\u00e8re me l\u2019a apprise d\u00e8s l\u2019\u00e2ge de 3 ans, dans les terres ouvertes, les montagnes et les for\u00eats fran\u00e7aises.<\/span><\/div><div class=\"response-container-content ng-tns-c4010962604-295\" style=\"padding-top: 4px; -webkit-box-flex: 1; flex: 1 1 0%; height: auto; min-width: 0px;\"><div class=\"response-content ng-trigger ng-trigger-responsePopulation ng-tns-c4010962604-295\" style=\"overflow: hidden;\"><div class=\"markdown markdown-main-panel\" dir=\"ltr\" style=\"font-size: 1rem; line-height: 1.5rem; font-family: 'Google Sans', 'Helvetica Neue', sans-serif; --animation-duration: 600ms; color: var(--bard-color-on-surface); margin-inline-end: 24px;\"><div class=\"dynamic-carousel-wrapper animating\">\u00a0<\/div><\/div><\/div><\/div><p>\u00a0<\/p>\t\t\t\t\t\t<\/div>\n\t\t\t\t<\/div>\n\t\t\t\t\t<\/div>\n\t\t<\/div>\n\t\t\t\t\t<\/div>\n\t\t<\/div>\n\t\t\t\t<div class=\"elementor-section elementor-top-section elementor-element elementor-element-0b811c6 elementor-section-full_width elementor-section-stretched elementor-section-height-default elementor-section-height-default\" data-id=\"0b811c6\" data-element_type=\"section\" data-settings=\"{&quot;stretch_section&quot;:&quot;section-stretched&quot;,&quot;background_background&quot;:&quot;classic&quot;}\">\n\t\t\t\t\t\t<div class=\"elementor-container elementor-column-gap-default\">\n\t\t\t\t\t<div class=\"elementor-column elementor-col-50 elementor-top-column elementor-element elementor-element-bcf8397\" data-id=\"bcf8397\" data-element_type=\"column\">\n\t\t\t<div class=\"elementor-widget-wrap elementor-element-populated\">\n\t\t\t\t\t\t<div class=\"elementor-element elementor-element-204ebe7 elementor-widget elementor-widget-image\" data-id=\"204ebe7\" data-element_type=\"widget\" data-widget_type=\"image.default\">\n\t\t\t\t<div class=\"elementor-widget-container\">\n\t\t\t\t\t\t\t\t\t\t\t\t\t<img decoding=\"async\" width=\"845\" height=\"600\" src=\"https:\/\/lionelpassionguide.com\/wp-content\/uploads\/2021\/12\/globe-845x600-1.jpg\" class=\"attachment-full size-full wp-image-979\" alt=\"\" srcset=\"https:\/\/lionelpassionguide.com\/wp-content\/uploads\/2021\/12\/globe-845x600-1.jpg 845w, https:\/\/lionelpassionguide.com\/wp-content\/uploads\/2021\/12\/globe-845x600-1-250x178.jpg 250w, https:\/\/lionelpassionguide.com\/wp-content\/uploads\/2021\/12\/globe-845x600-1-700x497.jpg 700w, https:\/\/lionelpassionguide.com\/wp-content\/uploads\/2021\/12\/globe-845x600-1-768x545.jpg 768w, https:\/\/lionelpassionguide.com\/wp-content\/uploads\/2021\/12\/globe-845x600-1-120x85.jpg 120w, https:\/\/lionelpassionguide.com\/wp-content\/uploads\/2021\/12\/globe-845x600-1-680x483.jpg 680w, https:\/\/lionelpassionguide.com\/wp-content\/uploads\/2021\/12\/globe-845x600-1-800x568.jpg 800w\" sizes=\"(max-width: 845px) 100vw, 845px\" \/>\t\t\t\t\t\t\t\t\t\t\t\t\t<\/div>\n\t\t\t\t<\/div>\n\t\t\t\t\t<\/div>\n\t\t<\/div>\n\t\t\t\t<div class=\"elementor-column elementor-col-50 elementor-top-column elementor-element elementor-element-035a197\" data-id=\"035a197\" data-element_type=\"column\">\n\t\t\t<div class=\"elementor-widget-wrap elementor-element-populated\">\n\t\t\t\t\t\t<div class=\"elementor-element elementor-element-d12707f elementor-widget elementor-widget-heading\" data-id=\"d12707f\" data-element_type=\"widget\" data-widget_type=\"heading.default\">\n\t\t\t\t<div class=\"elementor-widget-container\">\n\t\t\t<h2 class=\"elementor-heading-title elementor-size-default\">O\u00f9 sommes nous ?<\/h2>\t\t<\/div>\n\t\t\t\t<\/div>\n\t\t\t\t<div class=\"elementor-element elementor-element-672b083 elementor-widget elementor-widget-text-editor\" data-id=\"672b083\" data-element_type=\"widget\" data-widget_type=\"text-editor.default\">\n\t\t\t\t<div class=\"elementor-widget-container\">\n\t\t\t\t\t\t\t<p data-sourcepos=\"1:1-1:33\"><strong>Maurice, paradis des vacances<\/strong><\/p><p data-sourcepos=\"3:1-3:297\">Maurice, une \u00eele paradisiaque situ\u00e9e dans l&rsquo;oc\u00e9an Indien, est une destination de choix pour les vacanciers du monde entier. Son climat tropical, ses plages de sable blanc, ses eaux turquoises et limpides et ses paysages verdoyants en font un lieu de r\u00eave pour se d\u00e9tendre et profiter de la nature.<\/p><p data-sourcepos=\"5:1-5:24\"><strong>Notre maison d&rsquo;h\u00f4tes<\/strong><\/p><p data-sourcepos=\"7:1-7:236\">Nous vous accueillons dans notre maison d&rsquo;h\u00f4tes situ\u00e9e au sud de l&rsquo;\u00eele, dans la r\u00e9gion de Bel Ombre. Notre maison est un v\u00e9ritable havre de paix, o\u00f9 vous pourrez vous ressourcer et profiter de la tranquillit\u00e9 de la campagne mauricienne.<\/p><p data-sourcepos=\"9:1-9:16\"><strong>Notre r\u00e9gion<\/strong><\/p><p data-sourcepos=\"11:1-11:187\">Bel Ombre est une r\u00e9gion magnifique, \u00e0 la fois sauvage et luxueuse. Vous y trouverez des plages de sable blanc, des for\u00eats luxuriantes, des villages traditionnels et des h\u00f4tels 5 \u00e9toiles.<\/p><p data-sourcepos=\"13:1-13:18\"><strong>Notre promesse<\/strong><\/p><p data-sourcepos=\"15:1-15:204\">Nous vous promettons un s\u00e9jour inoubliable \u00e0 Maurice, dans notre maison d&rsquo;h\u00f4tes ou dans l&rsquo;un des magnifiques h\u00f4tels de la r\u00e9gion. Nous mettrons tout en \u0153uvre pour que votre s\u00e9jour soit des plus agr\u00e9ables.<\/p>\t\t\t\t\t\t<\/div>\n\t\t\t\t<\/div>\n\t\t\t\t\t<\/div>\n\t\t<\/div>\n\t\t\t\t\t<\/div>\n\t\t<\/div>\n\t\t\t\t<div class=\"elementor-section elementor-top-section elementor-element elementor-element-c4f79d8 elementor-section-boxed elementor-section-height-default elementor-section-height-default\" data-id=\"c4f79d8\" data-element_type=\"section\">\n\t\t\t\t\t\t<div class=\"elementor-container elementor-column-gap-default\">\n\t\t\t\t\t<div class=\"elementor-column elementor-col-33 elementor-top-column elementor-element elementor-element-4e06757\" data-id=\"4e06757\" data-element_type=\"column\">\n\t\t\t<div class=\"elementor-widget-wrap elementor-element-populated\">\n\t\t\t\t\t\t<div class=\"elementor-element elementor-element-4cc4400 elementor-widget elementor-widget-image\" data-id=\"4cc4400\" data-element_type=\"widget\" data-widget_type=\"image.default\">\n\t\t\t\t<div class=\"elementor-widget-container\">\n\t\t\t\t\t\t\t\t\t\t\t\t\t<img decoding=\"async\" width=\"680\" height=\"680\" src=\"https:\/\/lionelpassionguide.com\/wp-content\/uploads\/2021\/12\/logo-02-680x680.jpg\" class=\"attachment-portfoliothumb size-portfoliothumb wp-image-885\" alt=\"\" srcset=\"https:\/\/lionelpassionguide.com\/wp-content\/uploads\/2021\/12\/logo-02-680x680.jpg 680w, https:\/\/lionelpassionguide.com\/wp-content\/uploads\/2021\/12\/logo-02-250x250.jpg 250w, https:\/\/lionelpassionguide.com\/wp-content\/uploads\/2021\/12\/logo-02-700x700.jpg 700w, https:\/\/lionelpassionguide.com\/wp-content\/uploads\/2021\/12\/logo-02-150x150.jpg 150w, https:\/\/lionelpassionguide.com\/wp-content\/uploads\/2021\/12\/logo-02-768x768.jpg 768w, https:\/\/lionelpassionguide.com\/wp-content\/uploads\/2021\/12\/logo-02-1536x1536.jpg 1536w, https:\/\/lionelpassionguide.com\/wp-content\/uploads\/2021\/12\/logo-02-2048x2048.jpg 2048w, https:\/\/lionelpassionguide.com\/wp-content\/uploads\/2021\/12\/logo-02-120x120.jpg 120w, https:\/\/lionelpassionguide.com\/wp-content\/uploads\/2021\/12\/logo-02-800x800.jpg 800w, https:\/\/lionelpassionguide.com\/wp-content\/uploads\/2021\/12\/logo-02-1920x1920.jpg 1920w\" sizes=\"(max-width: 680px) 100vw, 680px\" \/>\t\t\t\t\t\t\t\t\t\t\t\t\t<\/div>\n\t\t\t\t<\/div>\n\t\t\t\t\t<\/div>\n\t\t<\/div>\n\t\t\t\t<div class=\"elementor-column elementor-col-33 elementor-top-column elementor-element elementor-element-fb93ae5\" data-id=\"fb93ae5\" data-element_type=\"column\">\n\t\t\t<div class=\"elementor-widget-wrap elementor-element-populated\">\n\t\t\t\t\t\t<div class=\"elementor-element elementor-element-c0b26ec elementor-widget elementor-widget-image\" data-id=\"c0b26ec\" data-element_type=\"widget\" data-widget_type=\"image.default\">\n\t\t\t\t<div class=\"elementor-widget-container\">\n\t\t\t\t\t\t\t\t\t\t\t\t\t<img decoding=\"async\" src=\"https:\/\/lionelpassionguide.com\/wp-content\/uploads\/elementor\/thumbs\/IMG_20211227_082719-qmgktyy7qn5pu7dxi190w05ewgevkorfy0gg54eycw.jpg\" title=\"sdr_soft\" alt=\"sdr_soft\" loading=\"lazy\" \/>\t\t\t\t\t\t\t\t\t\t\t\t\t<\/div>\n\t\t\t\t<\/div>\n\t\t\t\t\t<\/div>\n\t\t<\/div>\n\t\t\t\t<div class=\"elementor-column elementor-col-33 elementor-top-column elementor-element elementor-element-bdd9253\" data-id=\"bdd9253\" data-element_type=\"column\">\n\t\t\t<div class=\"elementor-widget-wrap elementor-element-populated\">\n\t\t\t\t\t\t<div class=\"elementor-element elementor-element-7337b58 elementor-widget elementor-widget-heading\" data-id=\"7337b58\" data-element_type=\"widget\" data-widget_type=\"heading.default\">\n\t\t\t\t<div class=\"elementor-widget-container\">\n\t\t\t<h2 class=\"elementor-heading-title elementor-size-default\">H\u00e9bergement<\/h2>\t\t<\/div>\n\t\t\t\t<\/div>\n\t\t\t\t<div class=\"elementor-element elementor-element-3dd806a elementor-widget elementor-widget-text-editor\" data-id=\"3dd806a\" data-element_type=\"widget\" data-widget_type=\"text-editor.default\">\n\t\t\t\t<div class=\"elementor-widget-container\">\n\t\t\t\t\t\t\t<p data-sourcepos=\"1:1-1:63\"><strong>Villa de charme au c\u0153ur du Sud authentique de l&rsquo;\u00eele Maurice<\/strong><\/p><p data-sourcepos=\"3:1-3:237\">Notre villa vous accueille dans le sud authentique de l&rsquo;\u00eele Maurice, \u00e0 proximit\u00e9 de toutes les commodit\u00e9s. Elle est situ\u00e9e \u00e0 seulement 800 m\u00e8tres de l&rsquo;oc\u00e9an et aux portes du domaine de Bel Ombre, une zone verte de plus de 4 000 hectares.<\/p><p data-sourcepos=\"5:1-5:264\">Notre villa est une v\u00e9ritable oasis de tranquillit\u00e9, o\u00f9 vous pourrez vous d\u00e9tendre et profiter de la beaut\u00e9 de la nature. Elle dispose de quatre chambres spacieuses et confortables, d&rsquo;une piscine priv\u00e9e, d&rsquo;un jardin tropical et d&rsquo;une terrasse avec vue sur l&rsquo;oc\u00e9an.<\/p><p data-sourcepos=\"7:1-7:202\">Le domaine de Bel Ombre est un lieu id\u00e9al pour les amoureux de la nature. Vous y trouverez des sentiers de randonn\u00e9e, des plages de sable blanc, des for\u00eats luxuriantes et une faune et une flore vari\u00e9es.<\/p><p data-sourcepos=\"9:1-9:105\"><strong>Votre s\u00e9jour \u00e0 la villa sera l&rsquo;occasion de d\u00e9couvrir le meilleur du Sud authentique de l&rsquo;\u00eele Maurice.<\/strong><\/p>\t\t\t\t\t\t<\/div>\n\t\t\t\t<\/div>\n\t\t\t\t<div class=\"elementor-element elementor-element-927ac54 elementor-widget elementor-widget-button\" data-id=\"927ac54\" data-element_type=\"widget\" data-widget_type=\"button.default\">\n\t\t\t\t<div class=\"elementor-widget-container\">\n\t\t\t\t\t<div class=\"elementor-button-wrapper\">\n\t\t\t<a class=\"elementor-button elementor-button-link elementor-size-sm\" href=\"https:\/\/lionelpassionguide.com\/fr\/la-villa-la-vie-la\/\">\n\t\t\t\t\t\t<span class=\"elementor-button-content-wrapper\">\n\t\t\t\t\t\t<span class=\"elementor-button-text\">En savoir plus<\/span>\n\t\t<\/span>\n\t\t\t\t\t<\/a>\n\t\t<\/div>\n\t\t\t\t<\/div>\n\t\t\t\t<\/div>\n\t\t\t\t\t<\/div>\n\t\t<\/div>\n\t\t\t\t\t<\/div>\n\t\t<\/div>\n\t\t\t\t<\/div>\n\t\t","protected":false},"excerpt":{"rendered":"Qui sommes nous ? Nous sommes les pionniers et les premiers \u00e0 consacrer notre vie et notre passion \u00e0 la promotion de la chasse dans le pays depuis 2003. Mon \u00e9pouse, notre fils et moi-m\u00eame sommes des chasseurs, des p\u00eacheurs, des passionn\u00e9s de plein air, des globe-trotteurs et nous faisons tout cela en famille. Je&#8230; <a class=\"view-article\" href=\"https:\/\/lionelpassionguide.com\/fr\/\">View Article<\/a>","protected":false},"author":1,"featured_media":0,"parent":0,"menu_order":0,"comment_status":"closed","ping_status":"closed","template":"templates\/home.php","meta":{"_acf_changed":false,"footnotes":""},"class_list":["post-226","page","type-page","status-publish","hentry"],"acf":[],"_links":{"self":[{"href":"https:\/\/lionelpassionguide.com\/fr\/wp-json\/wp\/v2\/pages\/226\/"}],"collection":[{"href":"https:\/\/lionelpassionguide.com\/fr\/wp-json\/wp\/v2\/pages\/"}],"about":[{"href":"https:\/\/lionelpassionguide.com\/fr\/wp-json\/wp\/v2\/types\/page\/"}],"author":[{"embeddable":true,"href":"https:\/\/lionelpassionguide.com\/fr\/wp-json\/wp\/v2\/users\/1\/"}],"replies":[{"embeddable":true,"href":"https:\/\/lionelpassionguide.com\/fr\/wp-json\/wp\/v2\/comments\/?post=226"}],"version-history":[{"count":70,"href":"https:\/\/lionelpassionguide.com\/fr\/wp-json\/wp\/v2\/pages\/226\/revisions\/"}],"predecessor-version":[{"id":1383,"href":"https:\/\/lionelpassionguide.com\/fr\/wp-json\/wp\/v2\/pages\/226\/revisions\/1383\/"}],"wp:attachment":[{"href":"https:\/\/lionelpassionguide.com\/fr\/wp-json\/wp\/v2\/media\/?parent=226"}],"curies":[{"name":"wp","href":"https:\/\/api.w.org\/{rel}","templated":true}]}}