{"id":236,"date":"2019-01-29T10:56:17","date_gmt":"2019-01-29T06:56:17","guid":{"rendered":"https:\/\/www.3lbsafaris.com\/hunting-estate-size\/"},"modified":"2024-01-13T15:17:57","modified_gmt":"2024-01-13T11:17:57","slug":"les-zones-de-chasse","status":"publish","type":"page","link":"https:\/\/lionelpassionguide.com\/fr\/les-zones-de-chasse\/","title":{"rendered":"Les zones de chasses et la chasse au Cerf Rusa"},"content":{"rendered":"\t\t<div data-elementor-type=\"wp-page\" data-elementor-id=\"236\" class=\"elementor elementor-236\">\n\t\t\t\t\t\t<section class=\"elementor-section elementor-top-section elementor-element elementor-element-2fc2084c elementor-section-boxed elementor-section-height-default elementor-section-height-default\" data-id=\"2fc2084c\" data-element_type=\"section\">\n\t\t\t\t\t\t<div class=\"elementor-container elementor-column-gap-default\">\n\t\t\t\t\t<div class=\"elementor-column elementor-col-100 elementor-top-column elementor-element elementor-element-6ede2b0a\" data-id=\"6ede2b0a\" data-element_type=\"column\">\n\t\t\t<div class=\"elementor-widget-wrap elementor-element-populated\">\n\t\t\t\t\t\t<div class=\"elementor-element elementor-element-e9dac89 elementor-widget elementor-widget-text-editor\" data-id=\"e9dac89\" data-element_type=\"widget\" data-widget_type=\"text-editor.default\">\n\t\t\t\t<div class=\"elementor-widget-container\">\n\t\t\t<style>\/*! elementor - v3.20.0 - 26-03-2024 *\/\n.elementor-widget-text-editor.elementor-drop-cap-view-stacked .elementor-drop-cap{background-color:#69727d;color:#fff}.elementor-widget-text-editor.elementor-drop-cap-view-framed .elementor-drop-cap{color:#69727d;border:3px solid;background-color:transparent}.elementor-widget-text-editor:not(.elementor-drop-cap-view-default) .elementor-drop-cap{margin-top:8px}.elementor-widget-text-editor:not(.elementor-drop-cap-view-default) .elementor-drop-cap-letter{width:1em;height:1em}.elementor-widget-text-editor .elementor-drop-cap{float:left;text-align:center;line-height:1;font-size:50px}.elementor-widget-text-editor .elementor-drop-cap-letter{display:inline-block}<\/style>\t\t\t\t<!-- wp:paragraph -->\n<p data-sourcepos=\"1:1-1:47\">La chasse au cerf Rusa \u00e0 Maurice<\/p>\n<p data-sourcepos=\"5:1-5:191\">Maurice, une \u00eele paradisiaque situ\u00e9e dans l&rsquo;oc\u00e9an Indien, est \u00e9galement un paradis pour les chasseurs. L&rsquo;\u00eele abrite une population importante de cerfs Rusa, une esp\u00e8ce exotique de l&rsquo;\u00eele.<\/p>\n<p data-sourcepos=\"7:1-7:199\">Nos trois domaines de chasse, situ\u00e9s \u00e0 moins de 45 minutes les uns des autres, offrent une vari\u00e9t\u00e9 de paysages et d&rsquo;habitats, ce qui permet aux chasseurs de vivre une exp\u00e9rience de chasse unique.<\/p>\n<p data-sourcepos=\"9:1-9:16\"><strong>Les domaines<\/strong><\/p>\n<p data-sourcepos=\"11:1-11:197\">Notre plus grand domaine, d&rsquo;une superficie de 8 000 hectares, offre un biotope de style africain avec des arbres \u00e9pineux d&rsquo;acacia et d&rsquo;immenses terres ouvertes menant \u00e0 de splendides montagnes.<\/p>\n<p data-sourcepos=\"13:1-13:251\">Les deux autres domaines, d&rsquo;une superficie de 4 500 et 2 000 hectares, sont plut\u00f4t des zones de for\u00eats subtropicales primaires avec des for\u00eats end\u00e9miques \u00e9paisses, des chutes d&rsquo;eau et des rivi\u00e8res, des terres verdoyantes et des zones montagneuses.<\/p>\n<p data-sourcepos=\"15:1-15:91\">Tous nos domaines sont cl\u00f4tur\u00e9s pour pr\u00e9server l&rsquo;environnement des animaux en p\u00e2turage.<\/p>\n<p data-sourcepos=\"17:1-17:26\"><strong>La saison de la chasse<\/strong><\/p>\n<p data-sourcepos=\"19:1-19:101\">La saison de la chasse au cerf Rusa \u00e0 Maurice commence de la mi-mai \u00e0 la fin du mois de novembre.<\/p>\n<p data-sourcepos=\"21:1-21:135\">De mai \u00e0 fin juin, les bois des cerfs sont en velours et n&rsquo;ont pas encore \u00e9t\u00e9 nettoy\u00e9s. Ils sont n\u00e9anmoins durs et bien d\u00e9velopp\u00e9s.<\/p>\n<p data-sourcepos=\"23:1-23:201\">La saison du rut commence \u00e0 la mi-juillet et se termine fin ao\u00fbt dans nos domaines de 4 500 et 2 000 hectares. Elle d\u00e9bute en septembre sur nos 8 000 hectares et se poursuit jusqu&rsquo;\u00e0 la mi-novembre.<\/p>\n<p data-sourcepos=\"25:1-25:100\">C&rsquo;est pendant la saison du rut que les cerfs sont les plus actifs et les plus faciles \u00e0 chasser.<\/p>\n<p data-sourcepos=\"27:1-27:139\">Les cerfs Rusa sont des animaux robustes et r\u00e9sistants. Ils peuvent peser jusqu&rsquo;\u00e0 200 kilogrammes et mesurer jusqu&rsquo;\u00e0 1,5 m\u00e8tre de long.<\/p>\n<p data-sourcepos=\"29:1-29:81\">Les cerfs m\u00e2les ont des bois imposants qui peuvent atteindre 1 m\u00e8tre de long.<\/p>\n<p data-sourcepos=\"31:1-31:142\">La chasse au cerf Rusa est une exp\u00e9rience unique qui permet aux chasseurs de d\u00e9couvrir la beaut\u00e9 et la diversit\u00e9 de la nature mauricienne.<\/p>\n<p data-sourcepos=\"35:1-35:108\">Si vous \u00eates un passionn\u00e9 de chasse, ne manquez pas de venir vivre une exp\u00e9rience inoubliable \u00e0 Maurice.<\/p>\n<p data-sourcepos=\"37:1-37:98\">Nous vous proposons des s\u00e9jours de chasse sur mesure, adapt\u00e9s \u00e0 vos besoins et \u00e0 votre budget.<\/p>\n<!-- \/wp:paragraph -->\t\t\t\t\t\t<\/div>\n\t\t\t\t<\/div>\n\t\t\t\t\t<\/div>\n\t\t<\/div>\n\t\t\t\t\t<\/div>\n\t\t<\/section>\n\t\t\t\t<\/div>\n\t\t","protected":false},"excerpt":{"rendered":"La chasse au cerf Rusa \u00e0 Maurice Maurice, une \u00eele paradisiaque situ\u00e9e dans l&rsquo;oc\u00e9an Indien, est \u00e9galement un paradis pour les chasseurs. L&rsquo;\u00eele abrite une population importante de cerfs Rusa, une esp\u00e8ce exotique de l&rsquo;\u00eele. Nos trois domaines de chasse, situ\u00e9s \u00e0 moins de 45 minutes les uns des autres, offrent une vari\u00e9t\u00e9 de paysages&#8230; <a class=\"view-article\" href=\"https:\/\/lionelpassionguide.com\/fr\/les-zones-de-chasse\/\">View Article<\/a>","protected":false},"author":1,"featured_media":219,"parent":0,"menu_order":0,"comment_status":"closed","ping_status":"closed","template":"templates\/about.php","meta":{"_acf_changed":false,"footnotes":""},"class_list":["post-236","page","type-page","status-publish","has-post-thumbnail","hentry"],"acf":[],"_links":{"self":[{"href":"https:\/\/lionelpassionguide.com\/fr\/wp-json\/wp\/v2\/pages\/236\/"}],"collection":[{"href":"https:\/\/lionelpassionguide.com\/fr\/wp-json\/wp\/v2\/pages\/"}],"about":[{"href":"https:\/\/lionelpassionguide.com\/fr\/wp-json\/wp\/v2\/types\/page\/"}],"author":[{"embeddable":true,"href":"https:\/\/lionelpassionguide.com\/fr\/wp-json\/wp\/v2\/users\/1\/"}],"replies":[{"embeddable":true,"href":"https:\/\/lionelpassionguide.com\/fr\/wp-json\/wp\/v2\/comments\/?post=236"}],"version-history":[{"count":10,"href":"https:\/\/lionelpassionguide.com\/fr\/wp-json\/wp\/v2\/pages\/236\/revisions\/"}],"predecessor-version":[{"id":1360,"href":"https:\/\/lionelpassionguide.com\/fr\/wp-json\/wp\/v2\/pages\/236\/revisions\/1360\/"}],"wp:featuredmedia":[{"embeddable":true,"href":"https:\/\/lionelpassionguide.com\/fr\/wp-json\/wp\/v2\/media\/219\/"}],"wp:attachment":[{"href":"https:\/\/lionelpassionguide.com\/fr\/wp-json\/wp\/v2\/media\/?parent=236"}],"curies":[{"name":"wp","href":"https:\/\/api.w.org\/{rel}","templated":true}]}}