{"id":242,"date":"2019-01-29T11:00:09","date_gmt":"2019-01-29T07:00:09","guid":{"rendered":"https:\/\/www.3lbsafaris.com\/hunting-season\/"},"modified":"2025-11-18T15:04:18","modified_gmt":"2025-11-18T11:04:18","slug":"periode-de-chasse","status":"publish","type":"page","link":"https:\/\/lionelpassionguide.com\/fr\/periode-de-chasse\/","title":{"rendered":"P\u00e9riode de chasse \u00e0 Maurice : chasse au cerf Rusa et au sanglier"},"content":{"rendered":"<p data-start=\"196\" data-end=\"473\">La chasse \u00e0 Maurice au cerf Rusa est une activit\u00e9 tr\u00e8s pris\u00e9e par les passionn\u00e9s de chasse. La saison se d\u00e9roule de la mi-mai \u00e0 fin octobre, p\u00e9riode id\u00e9ale pour la gestion durable des populations de cerfs Rusa et pour garantir une exp\u00e9rience de chasse exceptionnelle.<\/p>\n<p data-start=\"475\" data-end=\"810\">Dans les zones de chasse priv\u00e9es de 4 500 et 2 000 hectares, la chasse a lieu de la mi-juillet \u00e0 fin ao\u00fbt, tandis que dans les terrains de 8 000 hectares, elle s\u2019\u00e9tend de septembre \u00e0 fin octobre. Ces p\u00e9riodes permettent aux chasseurs de profiter des cerfs Rusa en pleine forme, offrant ainsi des troph\u00e9es prestigieux.<\/p>\n<p data-start=\"812\" data-end=\"1101\">Les conditions m\u00e9t\u00e9orologiques optimales pour la chasse au cerf Rusa \u00e0 Maurice sont les journ\u00e9es ensoleill\u00e9es avec des temp\u00e9ratures comprises entre 20 et 25\u00b0C. Pendant cette saison, il est \u00e9galement possible de chasser le sanglier mauricien dans les domaines de chasse autoris\u00e9s.<\/p>\n<p data-start=\"1103\" data-end=\"1355\">Cette p\u00e9riode de chasse \u00e0 Maurice est parfaite pour les amateurs de chasse qui souhaitent vivre une aventure unique dans des territoires priv\u00e9s, combinant nature pr\u00e9serv\u00e9e et exp\u00e9rience de chasse inoubliable avec Lionel Passion Guide.<\/p>\n","protected":false},"excerpt":{"rendered":"La chasse \u00e0 Maurice au cerf Rusa est une activit\u00e9 tr\u00e8s pris\u00e9e par les passionn\u00e9s de chasse. La saison se d\u00e9roule de la mi-mai \u00e0 fin octobre, p\u00e9riode id\u00e9ale pour la gestion durable des populations de cerfs Rusa et pour garantir une exp\u00e9rience de chasse exceptionnelle. Dans les zones de chasse priv\u00e9es de 4 500&#8230; <a class=\"view-article\" href=\"https:\/\/lionelpassionguide.com\/fr\/periode-de-chasse\/\">View Article<\/a>","protected":false},"author":1,"featured_media":201,"parent":0,"menu_order":0,"comment_status":"closed","ping_status":"closed","template":"templates\/about.php","meta":{"_acf_changed":false,"footnotes":""},"class_list":["post-242","page","type-page","status-publish","has-post-thumbnail","hentry"],"acf":[],"_links":{"self":[{"href":"https:\/\/lionelpassionguide.com\/fr\/wp-json\/wp\/v2\/pages\/242\/"}],"collection":[{"href":"https:\/\/lionelpassionguide.com\/fr\/wp-json\/wp\/v2\/pages\/"}],"about":[{"href":"https:\/\/lionelpassionguide.com\/fr\/wp-json\/wp\/v2\/types\/page\/"}],"author":[{"embeddable":true,"href":"https:\/\/lionelpassionguide.com\/fr\/wp-json\/wp\/v2\/users\/1\/"}],"replies":[{"embeddable":true,"href":"https:\/\/lionelpassionguide.com\/fr\/wp-json\/wp\/v2\/comments\/?post=242"}],"version-history":[{"count":7,"href":"https:\/\/lionelpassionguide.com\/fr\/wp-json\/wp\/v2\/pages\/242\/revisions\/"}],"predecessor-version":[{"id":1414,"href":"https:\/\/lionelpassionguide.com\/fr\/wp-json\/wp\/v2\/pages\/242\/revisions\/1414\/"}],"wp:featuredmedia":[{"embeddable":true,"href":"https:\/\/lionelpassionguide.com\/fr\/wp-json\/wp\/v2\/media\/201\/"}],"wp:attachment":[{"href":"https:\/\/lionelpassionguide.com\/fr\/wp-json\/wp\/v2\/media\/?parent=242"}],"curies":[{"name":"wp","href":"https:\/\/api.w.org\/{rel}","templated":true}]}}