{"id":259,"date":"2019-01-29T10:58:11","date_gmt":"2019-01-29T06:58:11","guid":{"rendered":"https:\/\/www.3lbsafaris.com\/our-animals\/"},"modified":"2025-11-19T18:30:24","modified_gmt":"2025-11-19T14:30:24","slug":"nos-animaux","status":"publish","type":"page","link":"https:\/\/lionelpassionguide.com\/fr\/nos-animaux\/","title":{"rendered":"Nos animaux"},"content":{"rendered":"\t\t<div data-elementor-type=\"wp-page\" data-elementor-id=\"259\" class=\"elementor elementor-259\">\n\t\t\t\t\t\t<section class=\"elementor-section elementor-top-section elementor-element elementor-element-403244e9 elementor-section-boxed elementor-section-height-default elementor-section-height-default\" data-id=\"403244e9\" data-element_type=\"section\">\n\t\t\t\t\t\t<div class=\"elementor-container elementor-column-gap-default\">\n\t\t\t\t\t<div class=\"elementor-column elementor-col-100 elementor-top-column elementor-element elementor-element-5dd9244b\" data-id=\"5dd9244b\" data-element_type=\"column\">\n\t\t\t<div class=\"elementor-widget-wrap elementor-element-populated\">\n\t\t\t\t\t\t<div class=\"elementor-element elementor-element-557ea6cd elementor-widget elementor-widget-text-editor\" data-id=\"557ea6cd\" data-element_type=\"widget\" data-widget_type=\"text-editor.default\">\n\t\t\t\t<div class=\"elementor-widget-container\">\n\t\t\t<style>\/*! elementor - v3.20.0 - 26-03-2024 *\/\n.elementor-widget-text-editor.elementor-drop-cap-view-stacked .elementor-drop-cap{background-color:#69727d;color:#fff}.elementor-widget-text-editor.elementor-drop-cap-view-framed .elementor-drop-cap{color:#69727d;border:3px solid;background-color:transparent}.elementor-widget-text-editor:not(.elementor-drop-cap-view-default) .elementor-drop-cap{margin-top:8px}.elementor-widget-text-editor:not(.elementor-drop-cap-view-default) .elementor-drop-cap-letter{width:1em;height:1em}.elementor-widget-text-editor .elementor-drop-cap{float:left;text-align:center;line-height:1;font-size:50px}.elementor-widget-text-editor .elementor-drop-cap-letter{display:inline-block}<\/style>\t\t\t\t<!-- wp:paragraph -->\n<p data-sourcepos=\"1:1-1:62\">\u00a0<strong>La chasse au cerf Rusa et au sanglier \u00e0 Maurice<\/strong><\/p>\n<p data-sourcepos=\"5:1-5:234\">Maurice, une \u00eele paradisiaque situ\u00e9e dans l&rsquo;oc\u00e9an Indien, est \u00e9galement un paradis pour les chasseurs. L&rsquo;\u00eele abrite une population importante de cerfs Rusa et de sangliers, deux esp\u00e8ces qui offrent une exp\u00e9rience de chasse unique.<\/p>\n<p data-sourcepos=\"7:1-7:16\"><strong>Le cerf Rusa<\/strong><\/p>\n<p data-sourcepos=\"9:1-9:155\">Le cerf Rusa est un magnifique cerf originaire d&rsquo;Asie. Il a \u00e9t\u00e9 introduit \u00e0 Maurice par les Hollandais au XVIIe si\u00e8cle et s&rsquo;est bien acclimat\u00e9 \u00e0 l&rsquo;\u00eele.<\/p>\n<p data-sourcepos=\"11:1-11:228\">Les cerfs Rusa de Maurice sont des animaux robustes et r\u00e9sistants. Ils peuvent peser jusqu&rsquo;\u00e0 400 kilogrammes et mesurer jusqu&rsquo;\u00e0 1,5 m\u00e8tre de long. Les cerfs m\u00e2les ont des bois imposants qui peuvent atteindre 1 m\u00e8tre de long.<\/p>\n<p data-sourcepos=\"13:1-13:183\">La chasse au cerf Rusa \u00e0 Maurice est une exp\u00e9rience unique. Elle se pratique uniquement \u00e0 pied et au pirche, ce qui permet aux chasseurs de s&rsquo;approcher au plus pr\u00e8s des animaux.<\/p>\n<p data-sourcepos=\"15:1-15:17\"><strong>Les sangliers<\/strong><\/p>\n<p data-sourcepos=\"17:1-17:212\">Les sangliers de Maurice sont un croisement de sangliers indon\u00e9siens et de porcs domestiques. Ils sont compl\u00e8tement sauvages et vivent dans les for\u00eats, les plantations de cannes \u00e0 sucre et les for\u00eats mauriciennes.<\/p>\n<p data-sourcepos=\"19:1-19:182\">Les sangliers de Maurice peuvent peser jusqu&rsquo;\u00e0 70 kilogrammes et avoir de bonnes d\u00e9fenses. Ils sont des animaux agiles et rapides, ce qui en fait des proies difficiles \u00e0 chasser.<\/p>\n<p data-sourcepos=\"21:1-21:127\">La chasse au sanglier \u00e0 Maurice est une exp\u00e9rience passionnante. Elle se pratique \u00e9galement \u00e0 pied, \u00e0 l&rsquo;aff\u00fbt ou en battue.<\/p>\n<p data-sourcepos=\"25:1-25:108\">Si vous \u00eates un passionn\u00e9 de chasse, ne manquez pas de venir vivre une exp\u00e9rience inoubliable \u00e0 Maurice.<\/p>\n<p data-sourcepos=\"27:1-27:98\">Nous vous proposons des s\u00e9jours de chasse sur mesure, adapt\u00e9s \u00e0 vos besoins et \u00e0 votre budget.<\/p>\n<p data-sourcepos=\"29:1-29:55\">Contactez-nous d\u00e8s aujourd&rsquo;hui pour en savoir plus.<\/p>\n<p>\u00a0<\/p>\n<!-- \/wp:paragraph -->\t\t\t\t\t\t<\/div>\n\t\t\t\t<\/div>\n\t\t\t\t\t<\/div>\n\t\t<\/div>\n\t\t\t\t\t<\/div>\n\t\t<\/section>\n\t\t\t\t<\/div>\n\t\t","protected":false},"excerpt":{"rendered":"\u00a0La chasse au cerf Rusa et au sanglier \u00e0 Maurice Maurice, une \u00eele paradisiaque situ\u00e9e dans l&rsquo;oc\u00e9an Indien, est \u00e9galement un paradis pour les chasseurs. L&rsquo;\u00eele abrite une population importante de cerfs Rusa et de sangliers, deux esp\u00e8ces qui offrent une exp\u00e9rience de chasse unique. Le cerf Rusa Le cerf Rusa est un magnifique cerf&#8230; <a class=\"view-article\" href=\"https:\/\/lionelpassionguide.com\/fr\/nos-animaux\/\">View Article<\/a>","protected":false},"author":1,"featured_media":219,"parent":0,"menu_order":0,"comment_status":"closed","ping_status":"closed","template":"templates\/about.php","meta":{"_acf_changed":false,"footnotes":""},"class_list":["post-259","page","type-page","status-publish","has-post-thumbnail","hentry"],"acf":[],"_links":{"self":[{"href":"https:\/\/lionelpassionguide.com\/fr\/wp-json\/wp\/v2\/pages\/259\/"}],"collection":[{"href":"https:\/\/lionelpassionguide.com\/fr\/wp-json\/wp\/v2\/pages\/"}],"about":[{"href":"https:\/\/lionelpassionguide.com\/fr\/wp-json\/wp\/v2\/types\/page\/"}],"author":[{"embeddable":true,"href":"https:\/\/lionelpassionguide.com\/fr\/wp-json\/wp\/v2\/users\/1\/"}],"replies":[{"embeddable":true,"href":"https:\/\/lionelpassionguide.com\/fr\/wp-json\/wp\/v2\/comments\/?post=259"}],"version-history":[{"count":12,"href":"https:\/\/lionelpassionguide.com\/fr\/wp-json\/wp\/v2\/pages\/259\/revisions\/"}],"predecessor-version":[{"id":1417,"href":"https:\/\/lionelpassionguide.com\/fr\/wp-json\/wp\/v2\/pages\/259\/revisions\/1417\/"}],"wp:featuredmedia":[{"embeddable":true,"href":"https:\/\/lionelpassionguide.com\/fr\/wp-json\/wp\/v2\/media\/219\/"}],"wp:attachment":[{"href":"https:\/\/lionelpassionguide.com\/fr\/wp-json\/wp\/v2\/media\/?parent=259"}],"curies":[{"name":"wp","href":"https:\/\/api.w.org\/{rel}","templated":true}]}}