{"id":263,"date":"2019-01-29T15:46:10","date_gmt":"2019-01-29T11:46:10","guid":{"rendered":"https:\/\/www.3lbsafaris.com\/our-guest-house\/"},"modified":"2025-11-18T12:13:35","modified_gmt":"2025-11-18T08:13:35","slug":"hebergement-touristique","status":"publish","type":"page","link":"https:\/\/lionelpassionguide.com\/fr\/hebergement-touristique\/","title":{"rendered":"Notre R\u00e9sidence touristique \u00e0 Maurice : 7 jours de d\u00e9tente et aventure"},"content":{"rendered":"<h3 data-start=\"235\" data-end=\"255\">Introduction<\/h3>\n<p data-start=\"257\" data-end=\"521\">Maurice, \u00eele paradisiaque de l\u2019oc\u00e9an Indien, est \u00e9galement une destination de chasse exceptionnelle. L\u2019\u00eele abrite une population abondante de cerfs Rusa et de sangliers, offrant aux passionn\u00e9s de chasse \u00e0 Maurice une exp\u00e9rience unique et authentique.<\/p>\n<h3 data-start=\"523\" data-end=\"582\">Une exp\u00e9rience de chasse exceptionnelle avec Lionel<\/h3>\n<p data-start=\"584\" data-end=\"1068\">Avec Lionel Passion Guide, profitez de l\u2019expertise d\u2019un guide de chasse professionnel, passionn\u00e9 depuis son enfance et sp\u00e9cialis\u00e9 dans la chasse au cerf Rusa \u00e0 Maurice. Son exp\u00e9rience vous garantit une organisation parfaite, des conseils personnalis\u00e9s et la s\u00e9curit\u00e9 sur nos domaines de chasse priv\u00e9s. Que vous soyez chasseur d\u00e9butant ou confirm\u00e9, Lionel transforme votre s\u00e9jour en aventure inoubliable, alliant passion, savoir-faire et respect de la nature.<\/p>\n<h3 data-start=\"1070\" data-end=\"1107\">Exemples de s\u00e9jours de chasse<\/h3>\n<ul data-start=\"1109\" data-end=\"1331\">\n<li data-start=\"1109\" data-end=\"1182\">\n<p data-start=\"1111\" data-end=\"1182\">S\u00e9jour 5 jours \/ 4 nuits \u2013 3 jours de chasse + 2 jours de d\u00e9tente<\/p>\n<\/li>\n<li data-start=\"1183\" data-end=\"1256\">\n<p data-start=\"1185\" data-end=\"1256\">S\u00e9jour 7 jours \/ 6 nuits \u2013 5 jours de chasse + 2 jours de d\u00e9tente<\/p>\n<\/li>\n<li data-start=\"1257\" data-end=\"1331\">\n<p data-start=\"1259\" data-end=\"1331\">S\u00e9jour 10 jours \/ 9 nuits \u2013 7 jours de chasse + 3 jours de d\u00e9tente<\/p>\n<\/li>\n<\/ul>\n<p data-start=\"1333\" data-end=\"1487\">Chaque s\u00e9jour combine chasse priv\u00e9e, confort dans notre h\u00e9bergement touristique \u00e0 Maurice, et d\u00e9couverte de la beaut\u00e9 naturelle du sud de l\u2019\u00eele.<\/p>\n<h3 data-start=\"1489\" data-end=\"1536\">Pourquoi choisir Lionel Passion Guide ?<\/h3>\n<ul data-start=\"1538\" data-end=\"1785\">\n<li data-start=\"1538\" data-end=\"1583\">\n<p data-start=\"1540\" data-end=\"1583\">Guide de chasse exp\u00e9riment\u00e9 \u00e0 Maurice<\/p>\n<\/li>\n<li data-start=\"1584\" data-end=\"1646\">\n<p data-start=\"1586\" data-end=\"1646\">Domaines de chasse priv\u00e9s pour cerfs Rusa et sangliers<\/p>\n<\/li>\n<li data-start=\"1647\" data-end=\"1702\">\n<p data-start=\"1649\" data-end=\"1702\">S\u00e9jour authentique et s\u00e9curis\u00e9 dans le sud de l\u2019\u00eele<\/p>\n<\/li>\n<li data-start=\"1703\" data-end=\"1785\">\n<p data-start=\"1705\" data-end=\"1785\">Exp\u00e9rience compl\u00e8te alliant chasse, nature, d\u00e9tente et savoir-faire unique<\/p>\n<\/li>\n<\/ul>\n<hr data-start=\"1787\" data-end=\"1790\" \/>\n<p data-start=\"1792\" data-end=\"1968\">R\u00e9servez d\u00e8s aujourd\u2019hui votre s\u00e9jour de chasse \u00e0 Maurice avec Lionel Passion Guide et vivez une aventure inoubliable entre nature, traditions et gibiers exceptionnels.<\/p>\n","protected":false},"excerpt":{"rendered":"Introduction Maurice, \u00eele paradisiaque de l\u2019oc\u00e9an Indien, est \u00e9galement une destination de chasse exceptionnelle. L\u2019\u00eele abrite une population abondante de cerfs Rusa et de sangliers, offrant aux passionn\u00e9s de chasse \u00e0 Maurice une exp\u00e9rience unique et authentique. Une exp\u00e9rience de chasse exceptionnelle avec Lionel Avec Lionel Passion Guide, profitez de l\u2019expertise d\u2019un guide de chasse&#8230; <a class=\"view-article\" href=\"https:\/\/lionelpassionguide.com\/fr\/hebergement-touristique\/\">View Article<\/a>","protected":false},"author":1,"featured_media":1244,"parent":0,"menu_order":0,"comment_status":"closed","ping_status":"closed","template":"templates\/about.php","meta":{"_acf_changed":false,"footnotes":""},"class_list":["post-263","page","type-page","status-publish","has-post-thumbnail","hentry"],"acf":[],"_links":{"self":[{"href":"https:\/\/lionelpassionguide.com\/fr\/wp-json\/wp\/v2\/pages\/263\/"}],"collection":[{"href":"https:\/\/lionelpassionguide.com\/fr\/wp-json\/wp\/v2\/pages\/"}],"about":[{"href":"https:\/\/lionelpassionguide.com\/fr\/wp-json\/wp\/v2\/types\/page\/"}],"author":[{"embeddable":true,"href":"https:\/\/lionelpassionguide.com\/fr\/wp-json\/wp\/v2\/users\/1\/"}],"replies":[{"embeddable":true,"href":"https:\/\/lionelpassionguide.com\/fr\/wp-json\/wp\/v2\/comments\/?post=263"}],"version-history":[{"count":13,"href":"https:\/\/lionelpassionguide.com\/fr\/wp-json\/wp\/v2\/pages\/263\/revisions\/"}],"predecessor-version":[{"id":1410,"href":"https:\/\/lionelpassionguide.com\/fr\/wp-json\/wp\/v2\/pages\/263\/revisions\/1410\/"}],"wp:featuredmedia":[{"embeddable":true,"href":"https:\/\/lionelpassionguide.com\/fr\/wp-json\/wp\/v2\/media\/1244\/"}],"wp:attachment":[{"href":"https:\/\/lionelpassionguide.com\/fr\/wp-json\/wp\/v2\/media\/?parent=263"}],"curies":[{"name":"wp","href":"https:\/\/api.w.org\/{rel}","templated":true}]}}