{"id":267,"date":"2019-01-29T11:03:15","date_gmt":"2019-01-29T07:03:15","guid":{"rendered":"https:\/\/www.3lbsafaris.com\/what-about-fishing\/"},"modified":"2025-11-18T14:43:29","modified_gmt":"2025-11-18T10:43:29","slug":"peche-maurice","status":"publish","type":"page","link":"https:\/\/lionelpassionguide.com\/fr\/peche-maurice\/","title":{"rendered":"P\u00eache \u00e0 Maurice : une aventure inoubliable en haute mer avec Lionel Passion Guide"},"content":{"rendered":"\r\n<div class=\"avatar-gutter ng-tns-c4010962604-38 ng-star-inserted\">\r\n<div class=\"resize-observable\">\u00a0<\/div>\r\n<\/div>\r\n<div class=\"response-container-content ng-tns-c4010962604-38\">\r\n<div class=\"response-content ng-trigger ng-trigger-responsePopulation ng-tns-c4010962604-38\">\r\n<div class=\"markdown markdown-main-panel\" dir=\"ltr\">\r\n<h2 data-start=\"235\" data-end=\"297\"><strong data-start=\"238\" data-end=\"297\">P\u00eache \u00e0 Maurice : une aventure en haute mer inoubliable<\/strong><\/h2>\r\n<p data-start=\"299\" data-end=\"610\">La <strong data-start=\"302\" data-end=\"334\">p\u00eache \u00e0 Maurice en haute mer<\/strong> est une activit\u00e9 incontournable lors d\u2019un voyage sur cette \u00eele paradisiaque. Situ\u00e9e au c\u0153ur de l\u2019oc\u00e9an Indien, l\u2019\u00eele Maurice b\u00e9n\u00e9ficie d\u2019eaux chaudes et riches en nutriments, attirant une grande vari\u00e9t\u00e9 de poissons tels que <strong data-start=\"559\" data-end=\"607\">marlins, thons, dorados, barracudas et wahoo<\/strong>.<\/p>\r\n<h3 data-start=\"612\" data-end=\"656\"><strong data-start=\"616\" data-end=\"656\">Des bateaux et guides professionnels<\/strong><\/h3>\r\n<p data-start=\"658\" data-end=\"1012\">Notre prestataire de p\u00eache est r\u00e9put\u00e9 \u00e0 Maurice et a remport\u00e9 de nombreux tournois et comp\u00e9titions. Nous proposons des bateaux de 38 et 47 pieds, \u00e9quip\u00e9s des <strong data-start=\"816\" data-end=\"858\">meilleures cannes \u00e0 p\u00eache et moulinets<\/strong> pour une exp\u00e9rience optimale. Nos guides exp\u00e9riment\u00e9s vous accompagneront pour attraper <strong data-start=\"947\" data-end=\"974\">le poisson de votre vie<\/strong>, en toute s\u00e9curit\u00e9 et avec passion.<\/p>\r\n<h3 data-start=\"1014\" data-end=\"1054\"><strong data-start=\"1018\" data-end=\"1054\">Les esp\u00e8ces \u00e0 attraper \u00e0 Maurice<\/strong><\/h3>\r\n<ul data-start=\"1056\" data-end=\"1464\">\r\n<li data-start=\"1056\" data-end=\"1130\">\r\n<p data-start=\"1058\" data-end=\"1130\"><strong data-start=\"1058\" data-end=\"1069\">Marlins<\/strong> : bleu, noir et ray\u00e9, pouvant atteindre jusqu\u2019\u00e0 500 livres<\/p>\r\n<\/li>\r\n<li data-start=\"1131\" data-end=\"1253\">\r\n<p data-start=\"1133\" data-end=\"1253\"><strong data-start=\"1133\" data-end=\"1142\">Thons<\/strong> : \u00e0 nageoires jaunes, blanches et thons \u00e0 dents de chien, parfaits pour la p\u00eache sportive et la consommation<\/p>\r\n<\/li>\r\n<li data-start=\"1254\" data-end=\"1330\">\r\n<p data-start=\"1256\" data-end=\"1330\">Dorados : poissons argent\u00e9s aux reflets dor\u00e9s, d\u00e9licieux et sportifs<\/p>\r\n<\/li>\r\n<li data-start=\"1331\" data-end=\"1394\">\r\n<p data-start=\"1333\" data-end=\"1394\">Barracudas : pr\u00e9dateurs rapides et excitants \u00e0 attraper<\/p>\r\n<\/li>\r\n<li data-start=\"1395\" data-end=\"1464\">\r\n<p data-start=\"1397\" data-end=\"1464\">Wahoos : puissants et rapides, un vrai d\u00e9fi pour les p\u00eacheurs<\/p>\r\n<\/li>\r\n<\/ul>\r\n<h3 data-start=\"1466\" data-end=\"1537\">Pourquoi choisir la p\u00eache \u00e0 Maurice avec Lionel Passion Guide ?<\/h3>\r\n<ul data-start=\"1539\" data-end=\"1761\">\r\n<li data-start=\"1539\" data-end=\"1584\">\r\n<p data-start=\"1541\" data-end=\"1584\">Guides exp\u00e9riment\u00e9s et professionnels<\/p>\r\n<\/li>\r\n<li data-start=\"1585\" data-end=\"1658\">\r\n<p data-start=\"1587\" data-end=\"1658\">Bateaux enti\u00e8rement \u00e9quip\u00e9s pour une exp\u00e9rience de p\u00eache optimale<\/p>\r\n<\/li>\r\n<li data-start=\"1659\" data-end=\"1695\">\r\n<p data-start=\"1661\" data-end=\"1695\">S\u00e9curit\u00e9 et confort garantis<\/p>\r\n<\/li>\r\n<li data-start=\"1696\" data-end=\"1761\">\r\n<p data-start=\"1698\" data-end=\"1761\">D\u00e9couverte de la beaut\u00e9 naturelle et marine de l\u2019oc\u00e9an Indien<\/p>\r\n<\/li>\r\n<\/ul>\r\n<p data-start=\"1763\" data-end=\"2004\">La p\u00eache en haute mer \u00e0 Maurice est bien plus qu\u2019un simple loisir : c\u2019est une aventure unique qui combine adr\u00e9naline, nature et moments m\u00e9morables. Pr\u00e9parez-vous \u00e0 vivre une exp\u00e9rience inoubliable et \u00e0 ramener vos plus beaux troph\u00e9es !<\/p>\r\n<\/div>\r\n<\/div>\r\n<\/div>\r\n","protected":false},"excerpt":{"rendered":"\u00a0 P\u00eache \u00e0 Maurice : une aventure en haute mer inoubliable La p\u00eache \u00e0 Maurice en haute mer est une activit\u00e9 incontournable lors d\u2019un voyage sur cette \u00eele paradisiaque. Situ\u00e9e au c\u0153ur de l\u2019oc\u00e9an Indien, l\u2019\u00eele Maurice b\u00e9n\u00e9ficie d\u2019eaux chaudes et riches en nutriments, attirant une grande vari\u00e9t\u00e9 de poissons tels que marlins, thons, dorados,&#8230; <a class=\"view-article\" href=\"https:\/\/lionelpassionguide.com\/fr\/peche-maurice\/\">View Article<\/a>","protected":false},"author":1,"featured_media":204,"parent":0,"menu_order":0,"comment_status":"closed","ping_status":"closed","template":"templates\/about.php","meta":{"_acf_changed":false,"footnotes":""},"class_list":["post-267","page","type-page","status-publish","has-post-thumbnail","hentry"],"acf":[],"_links":{"self":[{"href":"https:\/\/lionelpassionguide.com\/fr\/wp-json\/wp\/v2\/pages\/267\/"}],"collection":[{"href":"https:\/\/lionelpassionguide.com\/fr\/wp-json\/wp\/v2\/pages\/"}],"about":[{"href":"https:\/\/lionelpassionguide.com\/fr\/wp-json\/wp\/v2\/types\/page\/"}],"author":[{"embeddable":true,"href":"https:\/\/lionelpassionguide.com\/fr\/wp-json\/wp\/v2\/users\/1\/"}],"replies":[{"embeddable":true,"href":"https:\/\/lionelpassionguide.com\/fr\/wp-json\/wp\/v2\/comments\/?post=267"}],"version-history":[{"count":6,"href":"https:\/\/lionelpassionguide.com\/fr\/wp-json\/wp\/v2\/pages\/267\/revisions\/"}],"predecessor-version":[{"id":1411,"href":"https:\/\/lionelpassionguide.com\/fr\/wp-json\/wp\/v2\/pages\/267\/revisions\/1411\/"}],"wp:featuredmedia":[{"embeddable":true,"href":"https:\/\/lionelpassionguide.com\/fr\/wp-json\/wp\/v2\/media\/204\/"}],"wp:attachment":[{"href":"https:\/\/lionelpassionguide.com\/fr\/wp-json\/wp\/v2\/media\/?parent=267"}],"curies":[{"name":"wp","href":"https:\/\/api.w.org\/{rel}","templated":true}]}}