{"id":271,"date":"2019-01-29T15:48:10","date_gmt":"2019-01-29T11:48:10","guid":{"rendered":"https:\/\/www.3lbsafaris.com\/what-about-taxidermy\/"},"modified":"2024-01-13T15:50:41","modified_gmt":"2024-01-13T11:50:41","slug":"nos-taxidermistes","status":"publish","type":"page","link":"https:\/\/lionelpassionguide.com\/fr\/nos-taxidermistes\/","title":{"rendered":"Nos taxidermistes"},"content":{"rendered":"\t\t<div data-elementor-type=\"wp-page\" data-elementor-id=\"271\" class=\"elementor elementor-271\">\n\t\t\t\t\t\t<section class=\"elementor-section elementor-top-section elementor-element elementor-element-197cae0d elementor-section-boxed elementor-section-height-default elementor-section-height-default\" data-id=\"197cae0d\" data-element_type=\"section\">\n\t\t\t\t\t\t<div class=\"elementor-container elementor-column-gap-default\">\n\t\t\t\t\t<div class=\"elementor-column elementor-col-100 elementor-top-column elementor-element elementor-element-749fa57f\" data-id=\"749fa57f\" data-element_type=\"column\">\n\t\t\t<div class=\"elementor-widget-wrap elementor-element-populated\">\n\t\t\t\t\t\t<div class=\"elementor-element elementor-element-18bcc2a6 elementor-widget elementor-widget-text-editor\" data-id=\"18bcc2a6\" data-element_type=\"widget\" data-widget_type=\"text-editor.default\">\n\t\t\t\t<div class=\"elementor-widget-container\">\n\t\t\t<style>\/*! elementor - v3.20.0 - 26-03-2024 *\/\n.elementor-widget-text-editor.elementor-drop-cap-view-stacked .elementor-drop-cap{background-color:#69727d;color:#fff}.elementor-widget-text-editor.elementor-drop-cap-view-framed .elementor-drop-cap{color:#69727d;border:3px solid;background-color:transparent}.elementor-widget-text-editor:not(.elementor-drop-cap-view-default) .elementor-drop-cap{margin-top:8px}.elementor-widget-text-editor:not(.elementor-drop-cap-view-default) .elementor-drop-cap-letter{width:1em;height:1em}.elementor-widget-text-editor .elementor-drop-cap{float:left;text-align:center;line-height:1;font-size:50px}.elementor-widget-text-editor .elementor-drop-cap-letter{display:inline-block}<\/style>\t\t\t\t<p><!-- wp:paragraph --><\/p>\n<p>Maurice : Notre taxidermiste est professionnel et op\u00e8re depuis son plus jeune \u00e2ge en suivant le m\u00eame chemin que son p\u00e8re. Il pr\u00e9parera parfaitement la peau sal\u00e9e et le cr\u00e2ne et sera en contact avec le gouvernement pour tous les services sanitaires et v\u00e9t\u00e9rinaires. Je travaille avec Faraahad et sa famille depuis 15 ans.<\/p>\n<p><!-- \/wp:paragraph --><\/p>\n<p><!-- wp:paragraph --><\/p>\n<p>France : Mickael Vieil, de La tannerie du Perche en France, est un v\u00e9ritable artiste et l&rsquo;un des plus rares en France \u00e0 pouvoir faire des tanneries et des taxidermies. Il travaille avec la plus grande entreprise et \u00e9l\u00e8ve de nombreux animaux chaque ann\u00e9e. Je vous recommande vivement de jeter un coup d&rsquo;\u0153il sur son travail afin de comprendre ce qu&rsquo;est un taxidermiste. Son \u0153il, sa vision, ses connaissances, ses comp\u00e9tences et son professionnalisme depuis 2 g\u00e9n\u00e9rations en font le taxidermiste id\u00e9al \u00e0 contacter. Je recommande fortement ses services.<\/p>\n<p><!-- \/wp:paragraph --><\/p>\n<p><!-- wp:paragraph --><\/p>\n<p>\u00a0<\/p>\n<p><!-- \/wp:paragraph --><\/p>\t\t\t\t\t\t<\/div>\n\t\t\t\t<\/div>\n\t\t\t\t\t<\/div>\n\t\t<\/div>\n\t\t\t\t\t<\/div>\n\t\t<\/section>\n\t\t\t\t<\/div>\n\t\t","protected":false},"excerpt":{"rendered":"Maurice : Notre taxidermiste est professionnel et op\u00e8re depuis son plus jeune \u00e2ge en suivant le m\u00eame chemin que son p\u00e8re. Il pr\u00e9parera parfaitement la peau sal\u00e9e et le cr\u00e2ne et sera en contact avec le gouvernement pour tous les services sanitaires et v\u00e9t\u00e9rinaires. Je travaille avec Faraahad et sa famille depuis 15 ans. France&#8230; <a class=\"view-article\" href=\"https:\/\/lionelpassionguide.com\/fr\/nos-taxidermistes\/\">View Article<\/a>","protected":false},"author":1,"featured_media":500,"parent":0,"menu_order":0,"comment_status":"closed","ping_status":"closed","template":"templates\/about.php","meta":{"_acf_changed":false,"footnotes":""},"class_list":["post-271","page","type-page","status-publish","has-post-thumbnail","hentry"],"acf":[],"_links":{"self":[{"href":"https:\/\/lionelpassionguide.com\/fr\/wp-json\/wp\/v2\/pages\/271\/"}],"collection":[{"href":"https:\/\/lionelpassionguide.com\/fr\/wp-json\/wp\/v2\/pages\/"}],"about":[{"href":"https:\/\/lionelpassionguide.com\/fr\/wp-json\/wp\/v2\/types\/page\/"}],"author":[{"embeddable":true,"href":"https:\/\/lionelpassionguide.com\/fr\/wp-json\/wp\/v2\/users\/1\/"}],"replies":[{"embeddable":true,"href":"https:\/\/lionelpassionguide.com\/fr\/wp-json\/wp\/v2\/comments\/?post=271"}],"version-history":[{"count":18,"href":"https:\/\/lionelpassionguide.com\/fr\/wp-json\/wp\/v2\/pages\/271\/revisions\/"}],"predecessor-version":[{"id":1367,"href":"https:\/\/lionelpassionguide.com\/fr\/wp-json\/wp\/v2\/pages\/271\/revisions\/1367\/"}],"wp:featuredmedia":[{"embeddable":true,"href":"https:\/\/lionelpassionguide.com\/fr\/wp-json\/wp\/v2\/media\/500\/"}],"wp:attachment":[{"href":"https:\/\/lionelpassionguide.com\/fr\/wp-json\/wp\/v2\/media\/?parent=271"}],"curies":[{"name":"wp","href":"https:\/\/api.w.org\/{rel}","templated":true}]}}