{"id":275,"date":"2019-01-29T10:35:16","date_gmt":"2019-01-29T06:35:16","guid":{"rendered":"https:\/\/www.3lbsafaris.com\/where-are-we\/"},"modified":"2025-11-18T15:00:13","modified_gmt":"2025-11-18T11:00:13","slug":"ou-sommes-nous","status":"publish","type":"page","link":"https:\/\/lionelpassionguide.com\/fr\/ou-sommes-nous\/","title":{"rendered":"O\u00f9 sommes nous ?"},"content":{"rendered":"<p data-start=\"191\" data-end=\"441\">L&rsquo;\u00eele Maurice est un v\u00e9ritable paradis tropical, situ\u00e9 dans l&rsquo;oc\u00e9an Indien, \u00e0 quelques heures de vol de l&rsquo;Afrique du Sud, de l&rsquo;Europe et du Moyen-Orient. Cette \u00eele multiculturelle offre une population aux origines diverses et un accueil chaleureux.<\/p>\n<p data-start=\"443\" data-end=\"655\">Maurice est une \u00eele luxuriante et s\u00fbre, avec une superficie de 1 865 km\u00b2 et une population d\u2019environ 1,3 million d\u2019habitants. Sa capitale est Port Louis et ses langues officielles sont l\u2019anglais et le fran\u00e7ais.<\/p>\n<p data-start=\"657\" data-end=\"882\">L&rsquo;\u00eele est c\u00e9l\u00e8bre pour ses plages de sable blanc, ses eaux turquoises cristallines et ses immenses lagons. Elle abrite \u00e9galement une faune riche et vari\u00e9e, notamment les cerfs Rusa, introduits par les marins pour la chasse.<\/p>\n<p data-start=\"884\" data-end=\"1162\">Les terrains de chasse priv\u00e9s situ\u00e9s au sud de l\u2019\u00eele offrent un cadre sauvage et pr\u00e9serv\u00e9, parfait pour la chasse au cerf Rusa, au sanglier et \u00e0 d\u2019autres esp\u00e8ces. Ces zones combinent luxe, nature et tranquillit\u00e9, permettant aux visiteurs de profiter pleinement de leur s\u00e9jour.<\/p>\n<p data-start=\"1164\" data-end=\"1437\">Outre la chasse, l\u2019\u00eele Maurice propose de nombreuses activit\u00e9s de loisirs : p\u00eache, golf, tennis, randonn\u00e9e et d\u00e9couverte de la nature. Chaque visite devient ainsi une <strong data-start=\"1331\" data-end=\"1357\">exp\u00e9rience inoubliable<\/strong>, alliant aventure, d\u00e9tente et \u00e9merveillement au c\u0153ur d\u2019un cadre paradisiaque.<\/p>\n","protected":false},"excerpt":{"rendered":"L&rsquo;\u00eele Maurice est un v\u00e9ritable paradis tropical, situ\u00e9 dans l&rsquo;oc\u00e9an Indien, \u00e0 quelques heures de vol de l&rsquo;Afrique du Sud, de l&rsquo;Europe et du Moyen-Orient. Cette \u00eele multiculturelle offre une population aux origines diverses et un accueil chaleureux. Maurice est une \u00eele luxuriante et s\u00fbre, avec une superficie de 1 865 km\u00b2 et une population&#8230; <a class=\"view-article\" href=\"https:\/\/lionelpassionguide.com\/fr\/ou-sommes-nous\/\">View Article<\/a>","protected":false},"author":1,"featured_media":202,"parent":0,"menu_order":0,"comment_status":"closed","ping_status":"closed","template":"templates\/about.php","meta":{"_acf_changed":false,"footnotes":""},"class_list":["post-275","page","type-page","status-publish","has-post-thumbnail","hentry"],"acf":[],"_links":{"self":[{"href":"https:\/\/lionelpassionguide.com\/fr\/wp-json\/wp\/v2\/pages\/275\/"}],"collection":[{"href":"https:\/\/lionelpassionguide.com\/fr\/wp-json\/wp\/v2\/pages\/"}],"about":[{"href":"https:\/\/lionelpassionguide.com\/fr\/wp-json\/wp\/v2\/types\/page\/"}],"author":[{"embeddable":true,"href":"https:\/\/lionelpassionguide.com\/fr\/wp-json\/wp\/v2\/users\/1\/"}],"replies":[{"embeddable":true,"href":"https:\/\/lionelpassionguide.com\/fr\/wp-json\/wp\/v2\/comments\/?post=275"}],"version-history":[{"count":7,"href":"https:\/\/lionelpassionguide.com\/fr\/wp-json\/wp\/v2\/pages\/275\/revisions\/"}],"predecessor-version":[{"id":1413,"href":"https:\/\/lionelpassionguide.com\/fr\/wp-json\/wp\/v2\/pages\/275\/revisions\/1413\/"}],"wp:featuredmedia":[{"embeddable":true,"href":"https:\/\/lionelpassionguide.com\/fr\/wp-json\/wp\/v2\/media\/202\/"}],"wp:attachment":[{"href":"https:\/\/lionelpassionguide.com\/fr\/wp-json\/wp\/v2\/media\/?parent=275"}],"curies":[{"name":"wp","href":"https:\/\/api.w.org\/{rel}","templated":true}]}}