{"id":279,"date":"2019-01-29T10:02:56","date_gmt":"2019-01-29T06:02:56","guid":{"rendered":"https:\/\/www.3lbsafaris.com\/who-are-we\/"},"modified":"2025-11-18T15:06:51","modified_gmt":"2025-11-18T11:06:51","slug":"qui-sommes-nous","status":"publish","type":"page","link":"https:\/\/lionelpassionguide.com\/fr\/qui-sommes-nous\/","title":{"rendered":"Qui sommes-nous ?"},"content":{"rendered":"<p data-start=\"249\" data-end=\"417\">Nous sommes les pionniers de la chasse \u00e0 Maurice et les premiers \u00e0 consacrer notre vie et notre passion \u00e0 la promotion de cette activit\u00e9 dans le pays depuis 2003.<\/p>\n<p data-start=\"419\" data-end=\"609\">Nous (ma femme, notre fils et moi-m\u00eame) sommes des chasseurs, des p\u00eacheurs, des passionn\u00e9s de plein air et des globe-trotters, et nous partageons toutes ces exp\u00e9riences en famille.<\/p>\n<p data-start=\"611\" data-end=\"1112\">Je suis le directeur de Lionel Passion Guide, la plus ancienne entreprise sp\u00e9cialis\u00e9e dans la chasse \u00e0 Maurice et le premier guide d\u00e9di\u00e9 au cerf Rusa sur l\u2019\u00eele. En tant que reporter pour cinq magazines et vid\u00e9ographe pour la plus grande cha\u00eene de t\u00e9l\u00e9vision en France (<em data-start=\"892\" data-end=\"901\">Seasons<\/em>), j\u2019ai eu la chance de guider plus de 1 000 clients de 24 nationalit\u00e9s diff\u00e9rentes. Chaque exp\u00e9rience m\u2019enrichit, et c\u2019est pourquoi j\u2019ai choisi de devenir un guide professionnel pour chasseurs passionn\u00e9s.<\/p>\n<p data-start=\"1114\" data-end=\"1272\">Je pratique la chasse \u00e0 l\u2019arc et \u00e0 la carabine, tout comme ma femme Kathleen, qui m\u2019assiste depuis 2006 dans l\u2019organisation et l\u2019accueil de nos clients.<\/p>\n<p data-start=\"1274\" data-end=\"1499\">La chasse est dans mes veines depuis que mon p\u00e8re me l\u2019a enseign\u00e9e \u00e0 l\u2019\u00e2ge de 3 ans, au c\u0153ur des montagnes et des for\u00eats fran\u00e7aises, me transmettant cette passion que je partage aujourd\u2019hui avec nos visiteurs \u00e0 Maurice.<\/p>\n","protected":false},"excerpt":{"rendered":"Nous sommes les pionniers de la chasse \u00e0 Maurice et les premiers \u00e0 consacrer notre vie et notre passion \u00e0 la promotion de cette activit\u00e9 dans le pays depuis 2003. Nous (ma femme, notre fils et moi-m\u00eame) sommes des chasseurs, des p\u00eacheurs, des passionn\u00e9s de plein air et des globe-trotters, et nous partageons toutes ces&#8230; <a class=\"view-article\" href=\"https:\/\/lionelpassionguide.com\/fr\/qui-sommes-nous\/\">View Article<\/a>","protected":false},"author":1,"featured_media":205,"parent":0,"menu_order":0,"comment_status":"closed","ping_status":"closed","template":"templates\/about.php","meta":{"_acf_changed":false,"footnotes":""},"class_list":["post-279","page","type-page","status-publish","has-post-thumbnail","hentry"],"acf":[],"_links":{"self":[{"href":"https:\/\/lionelpassionguide.com\/fr\/wp-json\/wp\/v2\/pages\/279\/"}],"collection":[{"href":"https:\/\/lionelpassionguide.com\/fr\/wp-json\/wp\/v2\/pages\/"}],"about":[{"href":"https:\/\/lionelpassionguide.com\/fr\/wp-json\/wp\/v2\/types\/page\/"}],"author":[{"embeddable":true,"href":"https:\/\/lionelpassionguide.com\/fr\/wp-json\/wp\/v2\/users\/1\/"}],"replies":[{"embeddable":true,"href":"https:\/\/lionelpassionguide.com\/fr\/wp-json\/wp\/v2\/comments\/?post=279"}],"version-history":[{"count":8,"href":"https:\/\/lionelpassionguide.com\/fr\/wp-json\/wp\/v2\/pages\/279\/revisions\/"}],"predecessor-version":[{"id":1416,"href":"https:\/\/lionelpassionguide.com\/fr\/wp-json\/wp\/v2\/pages\/279\/revisions\/1416\/"}],"wp:featuredmedia":[{"embeddable":true,"href":"https:\/\/lionelpassionguide.com\/fr\/wp-json\/wp\/v2\/media\/205\/"}],"wp:attachment":[{"href":"https:\/\/lionelpassionguide.com\/fr\/wp-json\/wp\/v2\/media\/?parent=279"}],"curies":[{"name":"wp","href":"https:\/\/api.w.org\/{rel}","templated":true}]}}