{"id":282,"date":"2019-01-29T10:37:39","date_gmt":"2019-01-29T06:37:39","guid":{"rendered":"https:\/\/www.3lbsafaris.com\/what-does-our-logo-means\/"},"modified":"2025-11-19T18:29:00","modified_gmt":"2025-11-19T14:29:00","slug":"signification-de-notre-logo","status":"publish","type":"page","link":"https:\/\/lionelpassionguide.com\/fr\/signification-de-notre-logo\/","title":{"rendered":"Signification de notre logo"},"content":{"rendered":"\t\t<div data-elementor-type=\"wp-page\" data-elementor-id=\"282\" class=\"elementor elementor-282\">\n\t\t\t\t\t\t<section class=\"elementor-section elementor-top-section elementor-element elementor-element-3467d8a6 elementor-section-boxed elementor-section-height-default elementor-section-height-default\" data-id=\"3467d8a6\" data-element_type=\"section\">\n\t\t\t\t\t\t<div class=\"elementor-container elementor-column-gap-default\">\n\t\t\t\t\t<div class=\"elementor-column elementor-col-100 elementor-top-column elementor-element elementor-element-7d28e74d\" data-id=\"7d28e74d\" data-element_type=\"column\">\n\t\t\t<div class=\"elementor-widget-wrap elementor-element-populated\">\n\t\t\t\t\t\t<div class=\"elementor-element elementor-element-32996043 elementor-widget elementor-widget-text-editor\" data-id=\"32996043\" data-element_type=\"widget\" data-widget_type=\"text-editor.default\">\n\t\t\t\t<div class=\"elementor-widget-container\">\n\t\t\t<style>\/*! elementor - v3.20.0 - 26-03-2024 *\/\n.elementor-widget-text-editor.elementor-drop-cap-view-stacked .elementor-drop-cap{background-color:#69727d;color:#fff}.elementor-widget-text-editor.elementor-drop-cap-view-framed .elementor-drop-cap{color:#69727d;border:3px solid;background-color:transparent}.elementor-widget-text-editor:not(.elementor-drop-cap-view-default) .elementor-drop-cap{margin-top:8px}.elementor-widget-text-editor:not(.elementor-drop-cap-view-default) .elementor-drop-cap-letter{width:1em;height:1em}.elementor-widget-text-editor .elementor-drop-cap{float:left;text-align:center;line-height:1;font-size:50px}.elementor-widget-text-editor .elementor-drop-cap-letter{display:inline-block}<\/style>\t\t\t\t<!-- wp:paragraph -->\n<p data-sourcepos=\"3:1-3:51\"><strong>Lionel Passion Guide: Where Legacy Meets Future<\/strong><\/p>\n<p data-sourcepos=\"5:1-5:58\">Our logo isn&rsquo;t just a symbol; it&rsquo;s a story etched in three generations. It&rsquo;s the tale of Lionel, father, son, and grandson, united by a shared name and an even deeper passion \u2013 the passion for the hunt.<\/p>\n<p data-sourcepos=\"7:1-7:3\"><strong>A Legacy Forged in Nature:<\/strong><\/p>\n<p data-sourcepos=\"9:1-9:72\">My father (the first face in the logo) laid the foundation. He taught me more than just the intricacies of the hunt; he instilled within me a profound respect for Mother Nature, the importance of conservation, and the ethical responsibility that comes with wielding a weapon. This wasn&rsquo;t just about trophies; it was about understanding our place in the natural world and acting as stewards of its preservation.<\/p>\n<p data-sourcepos=\"11:1-11:27\"><strong>Continuing the Journey:<\/strong><\/p>\n<p data-sourcepos=\"13:1-13:117\">From the age of three, I (the middle figure) have walked in my father&rsquo;s footsteps, embracing the hunter&rsquo;s legacy with dedication and passion. My bow and rifle have accompanied me through over 40 countries, each expedition etching its own memories into my soul.<\/p>\n<p data-sourcepos=\"15:1-15:25\"><strong>The Future Takes Aim:<\/strong><\/p>\n<p data-sourcepos=\"17:1-17:239\">And then there&rsquo;s him, my son (the final face), representing the future of our lineage. He holds a traditional bow, a symbol of both atavism and the evolution of a tradition. He walks our path, but his arrows carve their own unique destiny.<\/p>\n<p data-sourcepos=\"19:1-19:48\"><strong>More Than Just Hunts, We Offer a Philosophy:<\/strong><\/p>\n<p data-sourcepos=\"21:1-21:307\">At Lionel Passion Guide, we&rsquo;re not just offering hunts; we&rsquo;re offering a legacy. We believe in the right to hunt, in the values it imbues, and in its unifying power. Whether you come from afar or just down the road, regardless of your background or beliefs, you&rsquo;re welcome to join us on this shared journey.<\/p>\n<p data-sourcepos=\"23:1-23:36\"><strong>Come, walk with us. Experience the thrill of the chase, the reverence for nature, and the enduring bond forged in the pursuit of passion.<\/strong><\/p>\n<!-- \/wp:paragraph -->\t\t\t\t\t\t<\/div>\n\t\t\t\t<\/div>\n\t\t\t\t\t<\/div>\n\t\t<\/div>\n\t\t\t\t\t<\/div>\n\t\t<\/section>\n\t\t\t\t<\/div>\n\t\t","protected":false},"excerpt":{"rendered":"Notre logo est le symbole de notre entreprise et repr\u00e9sente ce que nous sommes. Pourquoi \u00ab\u00a0Lionel Passion Guide\u00a0\u00bb ? Parce que mon p\u00e8re, moi-m\u00eame et mon fils avons les m\u00eames pr\u00e9noms et la m\u00eame passion. Mon p\u00e8re (premier dans le logo) m&rsquo;a appris \u00e0 chasser, \u00e0 agir avec M\u00e8re Nature, \u00e0 la respecter et \u00e0&#8230; <a class=\"view-article\" href=\"https:\/\/lionelpassionguide.com\/fr\/signification-de-notre-logo\/\">View Article<\/a>","protected":false},"author":1,"featured_media":870,"parent":0,"menu_order":0,"comment_status":"closed","ping_status":"closed","template":"templates\/about.php","meta":{"_acf_changed":false,"footnotes":""},"class_list":["post-282","page","type-page","status-publish","has-post-thumbnail","hentry"],"acf":[],"_links":{"self":[{"href":"https:\/\/lionelpassionguide.com\/fr\/wp-json\/wp\/v2\/pages\/282\/"}],"collection":[{"href":"https:\/\/lionelpassionguide.com\/fr\/wp-json\/wp\/v2\/pages\/"}],"about":[{"href":"https:\/\/lionelpassionguide.com\/fr\/wp-json\/wp\/v2\/types\/page\/"}],"author":[{"embeddable":true,"href":"https:\/\/lionelpassionguide.com\/fr\/wp-json\/wp\/v2\/users\/1\/"}],"replies":[{"embeddable":true,"href":"https:\/\/lionelpassionguide.com\/fr\/wp-json\/wp\/v2\/comments\/?post=282"}],"version-history":[{"count":7,"href":"https:\/\/lionelpassionguide.com\/fr\/wp-json\/wp\/v2\/pages\/282\/revisions\/"}],"predecessor-version":[{"id":872,"href":"https:\/\/lionelpassionguide.com\/fr\/wp-json\/wp\/v2\/pages\/282\/revisions\/872\/"}],"wp:featuredmedia":[{"embeddable":true,"href":"https:\/\/lionelpassionguide.com\/fr\/wp-json\/wp\/v2\/media\/870\/"}],"wp:attachment":[{"href":"https:\/\/lionelpassionguide.com\/fr\/wp-json\/wp\/v2\/media\/?parent=282"}],"curies":[{"name":"wp","href":"https:\/\/api.w.org\/{rel}","templated":true}]}}