{"id":387,"date":"2019-02-02T16:17:37","date_gmt":"2019-02-02T12:17:37","guid":{"rendered":"https:\/\/www.3lbsafaris.com\/gallery\/"},"modified":"2025-11-18T11:43:44","modified_gmt":"2025-11-18T07:43:44","slug":"galerie-lionel-guide","status":"publish","type":"page","link":"https:\/\/lionelpassionguide.com\/fr\/galerie-lionel-guide\/","title":{"rendered":"Galerie"},"content":{"rendered":"<p data-start=\"161\" data-end=\"446\">Explorez notre galerie et d\u00e9couvrez la beaut\u00e9 sauvage de Maurice : cerfs Rusa majestueux, sangliers dans leur habitat naturel, paysages \u00e9poustouflants et moments authentiques de chasse avec Lionel Passion Guide. Une immersion unique au c\u0153ur de la nature mauricienne vous attend !<\/p>\n","protected":false},"excerpt":{"rendered":"Explorez notre galerie et d\u00e9couvrez la beaut\u00e9 sauvage de Maurice : cerfs Rusa majestueux, sangliers dans leur habitat naturel, paysages \u00e9poustouflants et moments authentiques de chasse avec Lionel Passion Guide. Une immersion unique au c\u0153ur de la nature mauricienne vous attend !","protected":false},"author":1,"featured_media":0,"parent":0,"menu_order":0,"comment_status":"closed","ping_status":"closed","template":"templates\/gallery.php","meta":{"_acf_changed":false,"footnotes":""},"class_list":["post-387","page","type-page","status-publish","hentry"],"acf":[],"_links":{"self":[{"href":"https:\/\/lionelpassionguide.com\/fr\/wp-json\/wp\/v2\/pages\/387\/"}],"collection":[{"href":"https:\/\/lionelpassionguide.com\/fr\/wp-json\/wp\/v2\/pages\/"}],"about":[{"href":"https:\/\/lionelpassionguide.com\/fr\/wp-json\/wp\/v2\/types\/page\/"}],"author":[{"embeddable":true,"href":"https:\/\/lionelpassionguide.com\/fr\/wp-json\/wp\/v2\/users\/1\/"}],"replies":[{"embeddable":true,"href":"https:\/\/lionelpassionguide.com\/fr\/wp-json\/wp\/v2\/comments\/?post=387"}],"version-history":[{"count":14,"href":"https:\/\/lionelpassionguide.com\/fr\/wp-json\/wp\/v2\/pages\/387\/revisions\/"}],"predecessor-version":[{"id":1389,"href":"https:\/\/lionelpassionguide.com\/fr\/wp-json\/wp\/v2\/pages\/387\/revisions\/1389\/"}],"wp:attachment":[{"href":"https:\/\/lionelpassionguide.com\/fr\/wp-json\/wp\/v2\/media\/?parent=387"}],"curies":[{"name":"wp","href":"https:\/\/api.w.org\/{rel}","templated":true}]}}