{"id":712,"date":"2019-03-15T18:18:28","date_gmt":"2019-03-15T14:18:28","guid":{"rendered":"https:\/\/www.3lbsafaris.com\/?page_id=712"},"modified":"2025-11-18T14:52:53","modified_gmt":"2025-11-18T10:52:53","slug":"peche-en-mer","status":"publish","type":"page","link":"https:\/\/lionelpassionguide.com\/fr\/peche-en-mer\/","title":{"rendered":"P\u00eache en mer"},"content":{"rendered":"<p>Explorez la p\u00eache \u00e0 Maurice avec Lionel Passion Guide : capturez marlins, thons et wahoo lors d\u2019une aventure inoubliable en haute mer.<\/p>\n","protected":false},"excerpt":{"rendered":"Explorez la p\u00eache \u00e0 Maurice avec Lionel Passion Guide : capturez marlins, thons et wahoo lors d\u2019une aventure inoubliable en haute mer.","protected":false},"author":2,"featured_media":0,"parent":0,"menu_order":0,"comment_status":"closed","ping_status":"closed","template":"templates\/albums.php","meta":{"_acf_changed":false,"footnotes":""},"class_list":["post-712","page","type-page","status-publish","hentry"],"acf":[],"_links":{"self":[{"href":"https:\/\/lionelpassionguide.com\/fr\/wp-json\/wp\/v2\/pages\/712\/"}],"collection":[{"href":"https:\/\/lionelpassionguide.com\/fr\/wp-json\/wp\/v2\/pages\/"}],"about":[{"href":"https:\/\/lionelpassionguide.com\/fr\/wp-json\/wp\/v2\/types\/page\/"}],"author":[{"embeddable":true,"href":"https:\/\/lionelpassionguide.com\/fr\/wp-json\/wp\/v2\/users\/2\/"}],"replies":[{"embeddable":true,"href":"https:\/\/lionelpassionguide.com\/fr\/wp-json\/wp\/v2\/comments\/?post=712"}],"version-history":[{"count":7,"href":"https:\/\/lionelpassionguide.com\/fr\/wp-json\/wp\/v2\/pages\/712\/revisions\/"}],"predecessor-version":[{"id":1412,"href":"https:\/\/lionelpassionguide.com\/fr\/wp-json\/wp\/v2\/pages\/712\/revisions\/1412\/"}],"wp:attachment":[{"href":"https:\/\/lionelpassionguide.com\/fr\/wp-json\/wp\/v2\/media\/?parent=712"}],"curies":[{"name":"wp","href":"https:\/\/api.w.org\/{rel}","templated":true}]}}